{"id":86,"date":"2018-07-08T11:34:16","date_gmt":"2018-07-08T09:34:16","guid":{"rendered":"http:\/\/agirpoursonmieuxetre.com\/?page_id=86"},"modified":"2019-02-10T20:07:05","modified_gmt":"2019-02-10T19:07:05","slug":"entreprise","status":"publish","type":"page","link":"https:\/\/agirpoursonmieuxetre.com\/index.php\/entreprise\/","title":{"rendered":"Entreprise"},"content":{"rendered":"<p><img loading=\"lazy\" class=\"alignnone img-responsive\" title=\"people_smiling_business (small)\" src=\"http:\/\/agirpoursonmieuxetre.com\/wp-content\/uploads\/elementor\/thumbs\/people_smiling_business-small-nste24ysa2necqlmtbwd5b2ldtinbmmeyy1zza9mse.jpeg\" alt=\"atelier-sophrologie-entreprise-bien-\u00eatre\" width=\"989\" height=\"419\"><\/p>\n<p><strong>Vous souhaitez un atelier original et efficace de courte dur\u00e9e ou une formation pr\u00e9cise r\u00e9pondant \u00e0 un besoin sp\u00e9cifique ? La <a href=\"http:\/\/agirpoursonmieuxetre.com\/index.php\/quest-ce-que-la-sophrologie\/\">sophrologie<\/a> est parfaitement adapt\u00e9e au monde de l&rsquo;entreprise et vous permet d&rsquo;am\u00e9liorer le bien-\u00eatre de vos collaborateurs.<\/strong><\/p>\n<p>Je vous propose 2 formules :<\/p>\n<h2>L&rsquo;atelier \u00e0 th\u00e8mes<\/h2>\n<p>De 1h \u00e0 1\/2 journ\u00e9e, le format d&rsquo;atelier peut se d\u00e9rouler dans un cadre de Qualit\u00e9 de vie au travail, ou \u00eatre ins\u00e9r\u00e9 dans un s\u00e9minaire annuel.<br \/>\nQuelques exemples :<\/p>\n<ul>\n<li>Atelier D\u00e9couverte Sophrologie<\/li>\n<li>Atelier Coh\u00e9sion d&rsquo;\u00e9quipe<\/li>\n<li>Atelier R\u00e9cup\u00e9ration \/ Gestion des Pauses (ralentir pour \u00eatre plus efficace)<\/li>\n<li>Atelier Sant\u00e9 \/ Bien-\u00eatre<\/li>\n<li>Atelier M\u00e9ditation<\/li>\n<li>Atelier du Rire<\/li>\n<li>Atelier Cr\u00e9ativit\u00e9<\/li>\n<li>Atelier D\u00e9tente musculaire et L\u00e2cher prise<\/li>\n<li>Atelier Rythme et Mouvement<\/li>\n<li>Atelier Ancrage et \u00c9quilibre<\/li>\n<li>Atelier \u00e0 la red\u00e9couverte des 5 sens<\/li>\n<\/ul>\n<h2>La formation ou l&rsquo;accompagnement des collaborateurs<\/h2>\n<p><strong>&#8211; Formations de courte dur\u00e9e <\/strong>(1 \u00e0 3 jours) :<\/p>\n<ul>\n<li>Gestion et Pr\u00e9vention du Stress<\/li>\n<li>Confiance en Soi, Prise de Parole en public<\/li>\n<li>Pr\u00e9vention du Burn-out<\/li>\n<li>Pr\u00e9venir et g\u00e9rer les risques relationnels<\/li>\n<li>Pr\u00e9ventions des Risques psychosociaux et Qualit\u00e9 de Vie au Travail<\/li>\n<li>Pr\u00e9vention des Troubles Musculosquelettiques<\/li>\n<li>Gestion des \u00c9motions<\/li>\n<li>Communication, \u00e9coute active<\/li>\n<li>Assertivit\u00e9 et D\u00e9veloppement du potentiel<\/li>\n<\/ul>\n<p>&#8211; <strong>Accompagnement du changement, individuel ou collectif :<\/strong><\/p>\n<ul>\n<li>D\u00e9velopper son potentiel<\/li>\n<li>Accompagnement au Projet personnel<\/li>\n<li>Favoriser la Coh\u00e9sion d&rsquo;\u00e9quipe<\/li>\n<li>Valeurs personnelles et valeurs d&rsquo;entreprise<\/li>\n<\/ul>\n<p style=\"text-align: center;\"><a role=\"button\" href=\"http:\/\/agirpoursonmieuxetre.com\/index.php\/infos-pratiques\/\"><br \/>\n<strong>DEVIS SUR DEMANDE<\/strong><br \/>\n<\/a><\/p>\n","protected":false},"excerpt":{"rendered":"<p>Vous souhaitez un atelier original et efficace de courte dur\u00e9e ou une formation pr\u00e9cise r\u00e9pondant \u00e0 un besoin sp\u00e9cifique ? La sophrologie est parfaitement adapt\u00e9e au monde de l&rsquo;entreprise et vous permet d&rsquo;am\u00e9liorer le bien-\u00eatre de vos collaborateurs. Je vous propose 2 formules : L&rsquo;atelier \u00e0 th\u00e8mes De 1h \u00e0 1\/2 journ\u00e9e, le format d&rsquo;atelier &#8230; <a href=\"https:\/\/agirpoursonmieuxetre.com\/index.php\/entreprise\/\" class=\"more-link text-uppercase small\"><strong>Continue Reading<\/strong> <i class=\"fa fa-angle-double-right\" aria-hidden=\"true\"><\/i><\/a><\/p>\n","protected":false},"author":1,"featured_media":0,"parent":0,"menu_order":0,"comment_status":"closed","ping_status":"closed","template":"template_fullwidth.php","meta":[],"_links":{"self":[{"href":"https:\/\/agirpoursonmieuxetre.com\/index.php\/wp-json\/wp\/v2\/pages\/86"}],"collection":[{"href":"https:\/\/agirpoursonmieuxetre.com\/index.php\/wp-json\/wp\/v2\/pages"}],"about":[{"href":"https:\/\/agirpoursonmieuxetre.com\/index.php\/wp-json\/wp\/v2\/types\/page"}],"author":[{"embeddable":true,"href":"https:\/\/agirpoursonmieuxetre.com\/index.php\/wp-json\/wp\/v2\/users\/1"}],"replies":[{"embeddable":true,"href":"https:\/\/agirpoursonmieuxetre.com\/index.php\/wp-json\/wp\/v2\/comments?post=86"}],"version-history":[{"count":28,"href":"https:\/\/agirpoursonmieuxetre.com\/index.php\/wp-json\/wp\/v2\/pages\/86\/revisions"}],"predecessor-version":[{"id":268,"href":"https:\/\/agirpoursonmieuxetre.com\/index.php\/wp-json\/wp\/v2\/pages\/86\/revisions\/268"}],"wp:attachment":[{"href":"https:\/\/agirpoursonmieuxetre.com\/index.php\/wp-json\/wp\/v2\/media?parent=86"}],"curies":[{"name":"wp","href":"https:\/\/api.w.org\/{rel}","templated":true}]}}