{"id":69,"date":"2018-06-10T17:07:47","date_gmt":"2018-06-10T15:07:47","guid":{"rendered":"http:\/\/agirpoursonmieuxetre.com\/?page_id=69"},"modified":"2019-02-10T20:06:11","modified_gmt":"2019-02-10T19:06:11","slug":"en-groupe","status":"publish","type":"page","link":"https:\/\/agirpoursonmieuxetre.com\/index.php\/en-groupe\/","title":{"rendered":"S\u00e9ance en groupe"},"content":{"rendered":"<p><img loading=\"lazy\" class=\"alignnone wp-image-163 size-full img-responsive\" src=\"http:\/\/agirpoursonmieuxetre.com\/wp-content\/uploads\/2018\/08\/groupe-souriant.jpg\" alt=\"\" width=\"990\" height=\"581\" srcset=\"https:\/\/agirpoursonmieuxetre.com\/wp-content\/uploads\/2018\/08\/groupe-souriant.jpg 990w, https:\/\/agirpoursonmieuxetre.com\/wp-content\/uploads\/2018\/08\/groupe-souriant-300x176.jpg 300w, https:\/\/agirpoursonmieuxetre.com\/wp-content\/uploads\/2018\/08\/groupe-souriant-768x451.jpg 768w, https:\/\/agirpoursonmieuxetre.com\/wp-content\/uploads\/2018\/08\/groupe-souriant-750x440.jpg 750w\" sizes=\"(max-width: 990px) 100vw, 990px\" \/><\/p>\n<p>La sophrologie se pratique \u00e9galement en groupe. Les s\u00e9ances, au nombre de 10 et programm\u00e9es sur une p\u00e9riode donn\u00e9e, vous apporteront des outils faciles \u00e0 utiliser au quotidien. Elles vous am\u00e8neront vers une plus grande conscience de vos ressources et de vos capacit\u00e9s.<\/p>\n<p>Vous pouvez en parler autour de vous, et <strong>\u00e0 partir de 6 personnes int\u00e9ress\u00e9es<\/strong> nous pourrons construire ensemble un<strong> planning de s\u00e9ances.<\/strong><\/p>\n<p>Vous cheminerez progressivement autour de th\u00e9matiques qui structurent les s\u00e9ances.<\/p>\n<p>Quelques exemples :<\/p>\n<ul>\n<li>Sophrologie et <strong>confiance en soi<\/strong><\/li>\n<li>Sophrologie et <strong>corporalit\u00e9<\/strong><\/li>\n<li>Sophrologie et <strong>respiration<\/strong><\/li>\n<li>Sophrologie et <strong>concentration<\/strong><\/li>\n<li>Sophrologie et <strong>l\u00e2cher prise<\/strong><\/li>\n<li>Sophrologie et <strong>exp\u00e9rience sensorielle<\/strong><\/li>\n<li>Sophrologie et <strong>\u00e9motions<\/strong><\/li>\n<li>Sophrologie et <strong>douleurs<\/strong><\/li>\n<li>Sophrologie et <strong>r\u00e9cup\u00e9ration<\/strong><\/li>\n<li>Sophrologie et <strong>sommeil<\/strong><\/li>\n<\/ul>\n<p>et bien d&rsquo;autres encore.<\/p>\n","protected":false},"excerpt":{"rendered":"<p>La sophrologie se pratique \u00e9galement en groupe. Les s\u00e9ances, au nombre de 10 et programm\u00e9es sur une p\u00e9riode donn\u00e9e, vous apporteront des outils faciles \u00e0 utiliser au quotidien. Elles vous am\u00e8neront vers une plus grande conscience de vos ressources et de vos capacit\u00e9s. Vous pouvez en parler autour de vous, et \u00e0 partir de 6 &#8230; <a href=\"https:\/\/agirpoursonmieuxetre.com\/index.php\/en-groupe\/\" class=\"more-link text-uppercase small\"><strong>Continue Reading<\/strong> <i class=\"fa fa-angle-double-right\" aria-hidden=\"true\"><\/i><\/a><\/p>\n","protected":false},"author":1,"featured_media":0,"parent":0,"menu_order":0,"comment_status":"closed","ping_status":"closed","template":"template_fullwidth.php","meta":[],"_links":{"self":[{"href":"https:\/\/agirpoursonmieuxetre.com\/index.php\/wp-json\/wp\/v2\/pages\/69"}],"collection":[{"href":"https:\/\/agirpoursonmieuxetre.com\/index.php\/wp-json\/wp\/v2\/pages"}],"about":[{"href":"https:\/\/agirpoursonmieuxetre.com\/index.php\/wp-json\/wp\/v2\/types\/page"}],"author":[{"embeddable":true,"href":"https:\/\/agirpoursonmieuxetre.com\/index.php\/wp-json\/wp\/v2\/users\/1"}],"replies":[{"embeddable":true,"href":"https:\/\/agirpoursonmieuxetre.com\/index.php\/wp-json\/wp\/v2\/comments?post=69"}],"version-history":[{"count":7,"href":"https:\/\/agirpoursonmieuxetre.com\/index.php\/wp-json\/wp\/v2\/pages\/69\/revisions"}],"predecessor-version":[{"id":267,"href":"https:\/\/agirpoursonmieuxetre.com\/index.php\/wp-json\/wp\/v2\/pages\/69\/revisions\/267"}],"wp:attachment":[{"href":"https:\/\/agirpoursonmieuxetre.com\/index.php\/wp-json\/wp\/v2\/media?parent=69"}],"curies":[{"name":"wp","href":"https:\/\/api.w.org\/{rel}","templated":true}]}}