{"id":37,"date":"2018-06-10T12:38:48","date_gmt":"2018-06-10T10:38:48","guid":{"rendered":"http:\/\/agirpoursonmieuxetre.com\/?page_id=37"},"modified":"2024-04-03T18:39:16","modified_gmt":"2024-04-03T16:39:16","slug":"infos-pratiques","status":"publish","type":"page","link":"https:\/\/agirpoursonmieuxetre.com\/index.php\/infos-pratiques\/","title":{"rendered":"Infos pratiques"},"content":{"rendered":"<h3>Horaires<\/h3>\n<p>Les s\u00e9ances de sophrologie ou d&rsquo;hypnose Ericksonienne se d\u00e9roulent dans mon cabinet \u00e0 Capinghem, o\u00f9 je vous accueille sur rendez-vous tous les jours du <strong>lundi au samedi<\/strong>. Je peux \u00e9galement me d\u00e9placer \u00e0 domicile si besoin.<\/p>\n<p><img loading=\"lazy\" class=\"alignnone wp-image-336 size-full img-responsive\" src=\"http:\/\/agirpoursonmieuxetre.com\/wp-content\/uploads\/2023\/09\/WhatsApp-Image-2023-09-23-at-12.19.59.jpeg\" alt=\"Photo du cabinet\" width=\"2048\" height=\"1388\" srcset=\"https:\/\/agirpoursonmieuxetre.com\/wp-content\/uploads\/2023\/09\/WhatsApp-Image-2023-09-23-at-12.19.59.jpeg 2048w, https:\/\/agirpoursonmieuxetre.com\/wp-content\/uploads\/2023\/09\/WhatsApp-Image-2023-09-23-at-12.19.59-300x203.jpeg 300w, https:\/\/agirpoursonmieuxetre.com\/wp-content\/uploads\/2023\/09\/WhatsApp-Image-2023-09-23-at-12.19.59-1024x694.jpeg 1024w, https:\/\/agirpoursonmieuxetre.com\/wp-content\/uploads\/2023\/09\/WhatsApp-Image-2023-09-23-at-12.19.59-768x521.jpeg 768w, https:\/\/agirpoursonmieuxetre.com\/wp-content\/uploads\/2023\/09\/WhatsApp-Image-2023-09-23-at-12.19.59-1536x1041.jpeg 1536w, https:\/\/agirpoursonmieuxetre.com\/wp-content\/uploads\/2023\/09\/WhatsApp-Image-2023-09-23-at-12.19.59-750x508.jpeg 750w\" sizes=\"(max-width: 2048px) 100vw, 2048px\" \/><\/p>\n<h3>Contact<\/h3>\n<p>Vous pouvez m&rsquo;appeler au <strong>06 60 87 61 01<\/strong> ou m&rsquo;envoyer un mail \u00e0 <strong>mbelot@orange.fr<\/strong> pour fixer un rendez-vous, demander un devis pour une prestation en <a href=\"http:\/\/agirpoursonmieuxetre.com\/index.php\/entreprise\/\">entreprise<\/a>, ou pour toute information suppl\u00e9mentaire.<\/p>\n<p>Vous pouvez \u00e9galement r\u00e9server un rendez-vous en ligne sur le site <a href=\"https:\/\/www.therapeutes.com\/hypnotherapeute\/capinghem\/manuella-belot\">therapeutes.com.<\/a><\/p>\n<h3>Acc\u00e8s<\/h3>\n<p><strong>3b rue Abb\u00e9 Pierre, 59160 Capinghem<\/strong><br \/>En m\u00e9tro, \u00e0 5 minutes \u00e0 pied du m\u00e9tro Saint-Philibert.<br \/>En voiture, \u00e0 15 minutes de Lille, un parking gratuit est \u00e0 votre disposition.<\/p>\n\n\n<figure class=\"wp-block-image size-large is-resized\"><img loading=\"lazy\" src=\"https:\/\/agirpoursonmieuxetre.com\/wp-content\/uploads\/2024\/04\/capinghem-saint-philibert.png\" alt=\"\" class=\"wp-image-342 img-responsive\" width=\"391\" height=\"265\" srcset=\"https:\/\/agirpoursonmieuxetre.com\/wp-content\/uploads\/2024\/04\/capinghem-saint-philibert.png 885w, https:\/\/agirpoursonmieuxetre.com\/wp-content\/uploads\/2024\/04\/capinghem-saint-philibert-300x204.png 300w, https:\/\/agirpoursonmieuxetre.com\/wp-content\/uploads\/2024\/04\/capinghem-saint-philibert-768x522.png 768w, https:\/\/agirpoursonmieuxetre.com\/wp-content\/uploads\/2024\/04\/capinghem-saint-philibert-750x509.png 750w\" sizes=\"(max-width: 391px) 100vw, 391px\" \/><\/figure>\n\n\n\n<p><\/p>\n","protected":false},"excerpt":{"rendered":"<p>Horaires Les s\u00e9ances de sophrologie ou d&rsquo;hypnose Ericksonienne se d\u00e9roulent dans mon cabinet \u00e0 Capinghem, o\u00f9 je vous accueille sur rendez-vous tous les jours du lundi au samedi. Je peux \u00e9galement me d\u00e9placer \u00e0 domicile si besoin. Contact Vous pouvez m&rsquo;appeler au 06 60 87 61 01 ou m&rsquo;envoyer un mail \u00e0 mbelot@orange.fr pour fixer &#8230; <a href=\"https:\/\/agirpoursonmieuxetre.com\/index.php\/infos-pratiques\/\" class=\"more-link text-uppercase small\"><strong>Continue Reading<\/strong> <i class=\"fa fa-angle-double-right\" aria-hidden=\"true\"><\/i><\/a><\/p>\n","protected":false},"author":1,"featured_media":0,"parent":0,"menu_order":0,"comment_status":"closed","ping_status":"closed","template":"template_fullwidth.php","meta":[],"_links":{"self":[{"href":"https:\/\/agirpoursonmieuxetre.com\/index.php\/wp-json\/wp\/v2\/pages\/37"}],"collection":[{"href":"https:\/\/agirpoursonmieuxetre.com\/index.php\/wp-json\/wp\/v2\/pages"}],"about":[{"href":"https:\/\/agirpoursonmieuxetre.com\/index.php\/wp-json\/wp\/v2\/types\/page"}],"author":[{"embeddable":true,"href":"https:\/\/agirpoursonmieuxetre.com\/index.php\/wp-json\/wp\/v2\/users\/1"}],"replies":[{"embeddable":true,"href":"https:\/\/agirpoursonmieuxetre.com\/index.php\/wp-json\/wp\/v2\/comments?post=37"}],"version-history":[{"count":55,"href":"https:\/\/agirpoursonmieuxetre.com\/index.php\/wp-json\/wp\/v2\/pages\/37\/revisions"}],"predecessor-version":[{"id":343,"href":"https:\/\/agirpoursonmieuxetre.com\/index.php\/wp-json\/wp\/v2\/pages\/37\/revisions\/343"}],"wp:attachment":[{"href":"https:\/\/agirpoursonmieuxetre.com\/index.php\/wp-json\/wp\/v2\/media?parent=37"}],"curies":[{"name":"wp","href":"https:\/\/api.w.org\/{rel}","templated":true}]}}