{"id":35,"date":"2018-06-10T12:38:07","date_gmt":"2018-06-10T10:38:07","guid":{"rendered":"http:\/\/agirpoursonmieuxetre.com\/?page_id=35"},"modified":"2019-05-08T20:26:29","modified_gmt":"2019-05-08T18:26:29","slug":"temoignages","status":"publish","type":"page","link":"https:\/\/agirpoursonmieuxetre.com\/index.php\/temoignages\/","title":{"rendered":"T\u00e9moignages"},"content":{"rendered":"<blockquote><p><em>\u00ab\u00a0J&rsquo;ai fait appel \u00e0 Manuella car je manquais de confiance en moi et \u00e9prouvais beaucoup de difficult\u00e9s \u00e0 g\u00e9rer mes \u00e9motions dans des situations d&rsquo;angoisse, de stress et familial.<br \/>\nManuella a su m&rsquo;accompagner en toute bienveillance en me donnant les outils que je peux utiliser tous les jours . <strong>C&rsquo;est un vrai plus qui m&rsquo;aide dans mon quotidien.<\/strong> Merci Manuella !\u00a0\u00bb\u00a0 <\/em><\/p>\n<p>Tessa<\/p><\/blockquote>\n<blockquote><p><em>\u00ab\u00a0Je recommande vivement ! Je me suis sentie accompagn\u00e9e durant les s\u00e9ances et j&rsquo;en ressens beaucoup de d\u00e9tente encore aujourd&rsquo;hui. <strong>Je pratique depuis des exercices de respiration et je me sens plus confiante dans ce que j&rsquo;entreprends.<\/strong> Je n&rsquo;imaginais pas que \u00e7a aller marcher et pourtant si. C&rsquo;est simple, \u00e7a m&rsquo;a apport\u00e9 beaucoup de b\u00e9n\u00e9fices. Rien \u00e0 redire si ce n&rsquo;est merci !\u00a0\u00bb<\/em><\/p>\n<p>Sylvie<\/p><\/blockquote>\n<blockquote><p><em><span class=\"_3oh- _58nk\">\u00ab\u00a0Apr\u00e8s un \u00e9pisode de pr\u00e9 burn-out, je ne savais o\u00f9 aller pour \u00e9vacuer cette pression constante. J\u2019ai ainsi contact\u00e9 Manuella pour savoir si la sophrologie pouvait m\u2019aider. <strong>D\u00e8s la 1\u00e8re s\u00e9ance j\u2019ai v\u00e9cu des changements.<\/strong> <strong>Les exercices en cabinet m\u2019ont aid\u00e9 \u00e0 apprendre le l\u00e2cher-prise.<\/strong> Mais c\u2019est en les pratiquant r\u00e9guli\u00e8rement que j\u2019en ai vu les bienfaits. Aujourd\u2019hui je me sens lib\u00e9r\u00e9e, apais\u00e9e et maitre de mon corps. Je ne peux que recommander Manuella !\u00a0\u00bb<br \/>\n<\/span><\/em><\/p>\n<p>Lucie<\/p><\/blockquote>\n","protected":false},"excerpt":{"rendered":"<p>\u00ab\u00a0J&rsquo;ai fait appel \u00e0 Manuella car je manquais de confiance en moi et \u00e9prouvais beaucoup de difficult\u00e9s \u00e0 g\u00e9rer mes \u00e9motions dans des situations d&rsquo;angoisse, de stress et familial. Manuella a su m&rsquo;accompagner en toute bienveillance en me donnant les outils que je peux utiliser tous les jours . C&rsquo;est un vrai plus qui m&rsquo;aide &#8230; <a href=\"https:\/\/agirpoursonmieuxetre.com\/index.php\/temoignages\/\" class=\"more-link text-uppercase small\"><strong>Continue Reading<\/strong> <i class=\"fa fa-angle-double-right\" aria-hidden=\"true\"><\/i><\/a><\/p>\n","protected":false},"author":1,"featured_media":0,"parent":0,"menu_order":0,"comment_status":"closed","ping_status":"closed","template":"","meta":[],"_links":{"self":[{"href":"https:\/\/agirpoursonmieuxetre.com\/index.php\/wp-json\/wp\/v2\/pages\/35"}],"collection":[{"href":"https:\/\/agirpoursonmieuxetre.com\/index.php\/wp-json\/wp\/v2\/pages"}],"about":[{"href":"https:\/\/agirpoursonmieuxetre.com\/index.php\/wp-json\/wp\/v2\/types\/page"}],"author":[{"embeddable":true,"href":"https:\/\/agirpoursonmieuxetre.com\/index.php\/wp-json\/wp\/v2\/users\/1"}],"replies":[{"embeddable":true,"href":"https:\/\/agirpoursonmieuxetre.com\/index.php\/wp-json\/wp\/v2\/comments?post=35"}],"version-history":[{"count":16,"href":"https:\/\/agirpoursonmieuxetre.com\/index.php\/wp-json\/wp\/v2\/pages\/35\/revisions"}],"predecessor-version":[{"id":316,"href":"https:\/\/agirpoursonmieuxetre.com\/index.php\/wp-json\/wp\/v2\/pages\/35\/revisions\/316"}],"wp:attachment":[{"href":"https:\/\/agirpoursonmieuxetre.com\/index.php\/wp-json\/wp\/v2\/media?parent=35"}],"curies":[{"name":"wp","href":"https:\/\/api.w.org\/{rel}","templated":true}]}}