{"id":31,"date":"2018-06-10T12:37:15","date_gmt":"2018-06-10T10:37:15","guid":{"rendered":"http:\/\/agirpoursonmieuxetre.com\/?page_id=31"},"modified":"2019-02-10T20:13:16","modified_gmt":"2019-02-10T19:13:16","slug":"quest-ce-que-la-sophrologie","status":"publish","type":"page","link":"https:\/\/agirpoursonmieuxetre.com\/index.php\/quest-ce-que-la-sophrologie\/","title":{"rendered":"Qu&rsquo;est-ce que la sophrologie ?"},"content":{"rendered":"<p><img loading=\"lazy\" class=\"alignleft wp-image-130 img-responsive\" title=\"branche-de-fleurs\" src=\"http:\/\/agirpoursonmieuxetre.com\/wp-content\/uploads\/2018\/08\/branche_de_fleurs.jpg\" alt=\"\" width=\"1035\" height=\"437\" srcset=\"https:\/\/agirpoursonmieuxetre.com\/wp-content\/uploads\/2018\/08\/branche_de_fleurs.jpg 990w, https:\/\/agirpoursonmieuxetre.com\/wp-content\/uploads\/2018\/08\/branche_de_fleurs-300x127.jpg 300w, https:\/\/agirpoursonmieuxetre.com\/wp-content\/uploads\/2018\/08\/branche_de_fleurs-768x324.jpg 768w, https:\/\/agirpoursonmieuxetre.com\/wp-content\/uploads\/2018\/08\/branche_de_fleurs-750x317.jpg 750w\" sizes=\"(max-width: 1035px) 100vw, 1035px\" \/><\/p>\n<blockquote><p><em>\u00ab\u00a0Science sans conscience n&rsquo;est que ruine de l&rsquo;\u00e2me.\u00a0\u00bb F. Rabelais, Pantagruel (1532)<br \/>\n<\/em><\/p><\/blockquote>\n<h2><\/h2>\n<h3>La sophrologie, c&rsquo;est quoi ?<\/h3>\n<p>La sophrologie, cr\u00e9\u00e9e en 1960 par le neuropsychiatre Alphonso Caycedo, est une science qui \u00e9tudie la conscience humaine. Elle utilise un ensemble de m\u00e9thodes et techniques \u00e0 m\u00e9diation corporelle, comme la relaxation, la respiration, la concentration, des mouvements corporels simples&nbsp; ou de l&rsquo;imagerie mentale positive. Elle favorise un mieux \u00eatre en renfor\u00e7ant l&rsquo;\u00e9quilibre et l&rsquo;harmonie entre nos \u00e9motions, notre syst\u00e8me cognitif et nos comportements.<\/p>\n<h3>\u00ab\u00a0Agir pour son mieux \u00eatre\u00a0\u00bb, qu&rsquo;est-ce que \u00e7a veut dire ?<\/h3>\n<p>J&rsquo;utilise le terme \u00ab\u00a0mieux \u00eatre\u00a0\u00bb plut\u00f4t que bien \u00eatre, car il s&rsquo;agit d&rsquo;appr\u00e9cier la vie dans sa r\u00e9alit\u00e9 globale, accepter le positif aussi bien que les \u00e9tats moins agr\u00e9ables. \u00catre \u00e0 l&rsquo;\u00e9coute de soi et de son corps dans l&rsquo;instant pr\u00e9sent, c&rsquo;est laisser le temps faire son travail, se conna\u00eetre, se reconna\u00eetre, \u00eatre lucide et mettre en place les actions ad\u00e9quates pour favoriser une qualit\u00e9 de vie en accord avec soi-m\u00eame.<\/p>\n<p>La sophrologie est une d\u00e9marche personnelle, motiv\u00e9e par un d\u00e9sir de mieux se conna\u00eetre, de se dynamiser de fa\u00e7on positive quelques soient les situations \u00e0 vivre, en \u00e9tant conscient de son corps et de ses capacit\u00e9s.<\/p>\n<h3>Pourquoi pratiquer la sophrologie ?<\/h3>\n<p>En pratiquant la sophrologie, vous vous inscrivez dans un processus dynamique qui d\u00e9veloppe votre potentiel, renforce votre capacit\u00e9 \u00e0 vous adapter \u00e0 votre environnement et vos relations aux autres en accord avec vos valeurs fondamentales.<\/p>\n<p>La sophrologie favorise l&rsquo;\u00e9coute des ressentis, permet de prendre du recul, de g\u00e9rer ses \u00e9motions, de d\u00e9passer ses peurs et ses blocages, de favoriser ses choix, de surmonter ses difficult\u00e9s, et inscrit donc chacun dans une d\u00e9marche de mieux \u00eatre.<\/p>\n<h3>Dans quels cas la sophrologie peut-elle m&rsquo;aider&nbsp; ?<\/h3>\n<p>La sophrologie est de pratique simple et recommand\u00e9e \u00e0 tous. Elle est particuli\u00e8rement b\u00e9n\u00e9fique pour mieux g\u00e9rer des situations quotidiennes difficiles ou encore pour mieux vivre des traitements th\u00e9rapeutiques, et peut \u00eatre indiqu\u00e9e dans le cadre personnel ou professionnel.<\/p>\n<p>Voici quelques exemples de situations pour lesquelles la sophrologie peut \u00eatre b\u00e9n\u00e9fique :<\/p>\n<ul>\n<li>Confiance en soi<\/li>\n<li>Troubles du sommeil<\/li>\n<li>Anxi\u00e9t\u00e9<\/li>\n<li>Examens (scolaires ou m\u00e9dicaux)<\/li>\n<li>Prise de parole en public<\/li>\n<li>Addictions<\/li>\n<li>Burn out<\/li>\n<li>D\u00e9pression<\/li>\n<li>Risques psychosociaux<\/li>\n<\/ul>\n<p>et bien d&rsquo;autres encore&#8230;<\/p>\n<p>&nbsp;<\/p>\n","protected":false},"excerpt":{"rendered":"<p>\u00ab\u00a0Science sans conscience n&rsquo;est que ruine de l&rsquo;\u00e2me.\u00a0\u00bb F. Rabelais, Pantagruel (1532) La sophrologie, c&rsquo;est quoi ? La sophrologie, cr\u00e9\u00e9e en 1960 par le neuropsychiatre Alphonso Caycedo, est une science qui \u00e9tudie la conscience humaine. Elle utilise un ensemble de m\u00e9thodes et techniques \u00e0 m\u00e9diation corporelle, comme la relaxation, la respiration, la concentration, des mouvements &#8230; <a href=\"https:\/\/agirpoursonmieuxetre.com\/index.php\/quest-ce-que-la-sophrologie\/\" class=\"more-link text-uppercase small\"><strong>Continue Reading<\/strong> <i class=\"fa fa-angle-double-right\" aria-hidden=\"true\"><\/i><\/a><\/p>\n","protected":false},"author":1,"featured_media":130,"parent":0,"menu_order":0,"comment_status":"closed","ping_status":"closed","template":"template_fullwidth.php","meta":[],"_links":{"self":[{"href":"https:\/\/agirpoursonmieuxetre.com\/index.php\/wp-json\/wp\/v2\/pages\/31"}],"collection":[{"href":"https:\/\/agirpoursonmieuxetre.com\/index.php\/wp-json\/wp\/v2\/pages"}],"about":[{"href":"https:\/\/agirpoursonmieuxetre.com\/index.php\/wp-json\/wp\/v2\/types\/page"}],"author":[{"embeddable":true,"href":"https:\/\/agirpoursonmieuxetre.com\/index.php\/wp-json\/wp\/v2\/users\/1"}],"replies":[{"embeddable":true,"href":"https:\/\/agirpoursonmieuxetre.com\/index.php\/wp-json\/wp\/v2\/comments?post=31"}],"version-history":[{"count":21,"href":"https:\/\/agirpoursonmieuxetre.com\/index.php\/wp-json\/wp\/v2\/pages\/31\/revisions"}],"predecessor-version":[{"id":274,"href":"https:\/\/agirpoursonmieuxetre.com\/index.php\/wp-json\/wp\/v2\/pages\/31\/revisions\/274"}],"wp:featuredmedia":[{"embeddable":true,"href":"https:\/\/agirpoursonmieuxetre.com\/index.php\/wp-json\/wp\/v2\/media\/130"}],"wp:attachment":[{"href":"https:\/\/agirpoursonmieuxetre.com\/index.php\/wp-json\/wp\/v2\/media?parent=31"}],"curies":[{"name":"wp","href":"https:\/\/api.w.org\/{rel}","templated":true}]}}